{"id":15,"date":"2017-02-27T15:26:11","date_gmt":"2017-02-27T14:26:11","guid":{"rendered":"http:\/\/szamotuly.bike\/?page_id=15"},"modified":"2023-08-09T15:18:15","modified_gmt":"2023-08-09T13:18:15","slug":"cennik","status":"publish","type":"page","link":"https:\/\/szamotuly.bike\/en\/cennik\/","title":{"rendered":"Pricelist"},"content":{"rendered":"<p><\/p>\n<style>\n.pricelist{}<br \/>.pricelist td{padding:15px;border:1px solid #053d7d;background:#fff}<br \/><\/style>\n<table class=\"pricetable\" cellspacing=\"0\" cellpadding=\"0\">\n<tbody>\n<tr>\n<td colspan=\"2\"><strong>Standard fee<\/strong><\/td>\n<td><strong>Gross value<\/strong><\/td>\n<\/tr>\n<\/tbody>\n<tbody>\n<tr>\n<td rowspan=\"6\">Bike rental fee<\/td>\n<td>Duration of rental<\/td>\n<td><\/td>\n<\/tr>\n<tr>\n<td>Fee for bike rental to 3 hours<\/td>\n<td>0 z\u0142<\/td>\n<\/tr>\n<tr>\n<td>Payment for exceeding the 3 hour limit of rental<\/td>\n<td>10 z\u0142<\/td>\n<\/tr>\n<\/tbody>\n<tbody>\n<tr>\n<td colspan=\"2\">Letter notifications regading breaching the Terms of Service<\/td>\n<td>10 z\u0142<\/td>\n<\/tr>\n<\/tbody>\n<tbody>\n<tr>\n<td colspan=\"2\">Payment for exceeding the 12 hour limit of rental<\/td>\n<td>200 z\u0142<\/td>\n<\/tr>\n<\/tbody>\n<tbody>\n<tr>\n<td colspan=\"2\">Theft, loss or total damage of a standard bike<\/td>\n<td>2 000 z\u0142<\/td>\n<\/tr>\n<\/tbody>\n<\/table>\n<p>Fees specified in the table are VAT tax inclusive<\/p>\n<p><\/p>","protected":false},"excerpt":{"rendered":"<p>Standard fee Gross value Bike rental fee Duration of rental Fee for bike rental to 3 hours 0 z\u0142 Payment for exceeding the 3 hour limit of rental 10 z\u0142 Letter notifications regading breaching the Terms of Service 10 z\u0142 Payment for exceeding the 12 hour limit of rental 200 z\u0142 Theft, loss or total [&hellip;]<\/p>\n","protected":false},"author":7,"featured_media":0,"parent":0,"menu_order":0,"comment_status":"closed","ping_status":"closed","template":"","meta":[],"_links":{"self":[{"href":"https:\/\/szamotuly.bike\/en\/wp-json\/wp\/v2\/pages\/15"}],"collection":[{"href":"https:\/\/szamotuly.bike\/en\/wp-json\/wp\/v2\/pages"}],"about":[{"href":"https:\/\/szamotuly.bike\/en\/wp-json\/wp\/v2\/types\/page"}],"author":[{"embeddable":true,"href":"https:\/\/szamotuly.bike\/en\/wp-json\/wp\/v2\/users\/7"}],"replies":[{"embeddable":true,"href":"https:\/\/szamotuly.bike\/en\/wp-json\/wp\/v2\/comments?post=15"}],"version-history":[{"count":61,"href":"https:\/\/szamotuly.bike\/en\/wp-json\/wp\/v2\/pages\/15\/revisions"}],"predecessor-version":[{"id":677,"href":"https:\/\/szamotuly.bike\/en\/wp-json\/wp\/v2\/pages\/15\/revisions\/677"}],"wp:attachment":[{"href":"https:\/\/szamotuly.bike\/en\/wp-json\/wp\/v2\/media?parent=15"}],"curies":[{"name":"wp","href":"https:\/\/api.w.org\/{rel}","templated":true}]}}