{"id":9,"date":"2017-02-27T15:25:01","date_gmt":"2017-02-27T14:25:01","guid":{"rendered":"http:\/\/szamotuly.bike\/?page_id=9"},"modified":"2017-08-28T17:25:09","modified_gmt":"2017-08-28T15:25:09","slug":"jak-to-dziala","status":"publish","type":"page","link":"https:\/\/szamotuly.bike\/de\/polski-jak-to-dziala\/","title":{"rendered":"Wie funktioniert das?"},"content":{"rendered":"<p><\/p>\n<div style=\"margin: 0 auto;\">\n<div class=\"row middle-xs center-xs start-sm\">\n<div class=\"heading\">\n<h3 style=\"text-transform: normal;\">1. Registrieren<\/h3>\n<\/div>\n<div class=\"col\"><img style=\"margin-right: 20px;\" src=\"https:\/\/szamotuly.bike\/wp-content\/themes\/okitheme\/assets\/dist\/img\/k1.svg\" alt=\"Krok 1\" \/><\/div>\n<div class=\"col col-xs-12 col-sm\">\n<p>Sie registrieren sich, indem Sie auf das Feld \u201eRegistrierung\u201c klicken, die erforderlichen Daten angeben, die Gesch\u00e4ftsbedingungen akzeptieren.<br \/>\nDas dauert und 1 Minute und dann geht\u2019s los \u2013 Sie k\u00f6nnen jetzt City-Bikes rund um die Uhr 7 Tage die Woche mieten. Nach der Registrierung erhalten Sie eine SMS oder E-Mail mit Ihrem PIN-Code, der zusammen mit Ihrer Telefonnummer Ihre ID-Nummer im System bildet. Sie erhalten von uns eine E-Mail bekommen. Seine, um die Daten zu best\u00e4tigen, klicken Sie auf den Link.<\/p>\n<\/div>\n<\/div>\n<div class=\"row middle-xs center-xs start-sm\">\n<div class=\"heading\">\n<h3 style=\"text-transform: normal;\">2. Fahrrad ausleihen <\/h3>\n<\/div>\n<div class=\"col\">\n<div><img style=\"margin-right: 20px;\" src=\"https:\/\/szamotuly.bike\/wp-content\/themes\/okitheme\/assets\/dist\/img\/k2.svg\" alt=\"Krok 2\" \/><\/div>\n<\/div>\n<div class=\"col col-xs-12 col-sm\">\n<p>Gehen Sie zum Terminal, dr\u00fccken Sie \u201eAusleihen\u201c und befolgen Sie die Anweisungen auf dem Bildschirm. Das von Ihnen gew\u00e4hlte Fahrrad wird automatisch freigegeben. <\/p>\n<p>Wenn es mit einem sicherungsseil gesichert ist \u2013 k\u00f6nnen Sie es mit dem Code f\u00fcr das Ziffernschloss \u00f6ffnen, der beim Ausleihen am Bildschirm des Terminals angezeigt wurde. Gute Fahrt!<\/p>\n<\/div>\n<\/div>\n<div class=\"row middle-xs center-xs start-sm\">\n<div class=\"heading\">\n<h3 style=\"text-transform: normal;\">3. Fahrrad zur\u00fcckgeben<\/h3>\n<\/div>\n<div class=\"col\">\n<div><img style=\"margin-right: 20px;\" src=\"https:\/\/szamotuly.bike\/wp-content\/themes\/okitheme\/assets\/dist\/img\/k3.svg\" alt=\"Krok 3\" \/><\/div>\n<\/div>\n<div class=\"col col-xs-12 col-sm\">\n<p>Sie m\u00fcssen nicht einmal zum Terminal gehen. Es gen\u00fcgt, dass Sie das Fahrrad ins Elektroschloss f\u00fchren. Keine Sorge \u2013 ein Tonsignal best\u00e4tigt die richtige R\u00fcckgabe.<\/p>\n<p>Um sich zu vergewissern, dass die R\u00fcckgabe erfolgreich abgeschlossen wurde, pr\u00fcfen Sie Ihr Konto \u00fcber die mobile App, Website oder bei KZ anrufen.<\/p>\n<p>Wenn auf der Station kein Stellplatz frei ist, h\u00e4ngen Sie das Fahrrad mit dem Ziffernschloss an den B\u00fcgel eines St\u00e4nders oder an ein anderes Fahrrad an und vermischen die Ziffern. In diesem Fall gehen Sie zum Terminal, dr\u00fccken Sie \u201eZur\u00fcckgeben\u201c und befolgen Sie die Anweisungen auf dem Bildschirm.<\/p>\n<\/div>\n<\/div>\n<div class=\"row middle-xs center-xs start-sm\">\n<div class=\"heading\">\n<h3 style=\"text-transform: normal;\">4. Immer wieder<\/h3>\n<\/div>\n<div class=\"col\">\n<div><img style=\"margin-right: 20px;\" src=\"https:\/\/szamotuly.bike\/wp-content\/themes\/okitheme\/assets\/dist\/img\/k4.svg\" alt=\"Krok 4\" \/><\/div>\n<\/div>\n<div class=\"col col-xs-12 col-sm\">\n<p>Mieten Sie ein City-Bike wann immer sie wollen.      <\/p>\n<\/div>\n<\/div>\n<div class=\"row middle-xs center-xs start-sm\">\n<div class=\"heading\">\n<h3>5. Noch schneller? <\/h3>\n<\/div>\n<div class=\"col\">\n<div><img style=\"margin-right: 20px;\" src=\"https:\/\/szamotuly.bike\/wp-content\/themes\/okitheme\/assets\/dist\/img\/k5.svg\" alt=\"Krok 5\" \/><\/div>\n<\/div>\n<div class=\"col col-xs-12 col-sm\">\n<p>Laden sie die mobile App.<br \/>\nMit der mobilen App k\u00f6nnen Sie ein mit Elektroschloss oder Sicherungsseil versperrtes Fahrrad ausleihen, ohne ans Terminal gehen zu m\u00fcssen.<br \/>\nDer Zifferncode f\u00fcr das Sicherungsseil wird beim Ausleihen des betreffenden Fahrrads angezeigt.<br \/>\nMit der App k\u00f6nnen Sie ein Fahrrad auf zwei Arten mieten:<br \/>\n\u2022\tIndem Sie in der App auf \u201eFahrrad mieten\u201d klicken und seine Nummer eingeben<br \/>\n\u2022\tIndem Sie den an jedem Fahrrad vorhandenen QR-Code des gew\u00fcnschten Fahrrads scannen      <\/p>\n<\/div>\n<\/div>\n<\/div>\n<p><\/p>","protected":false},"excerpt":{"rendered":"<p>1. Registrieren Sie registrieren sich, indem Sie auf das Feld \u201eRegistrierung\u201c klicken, die erforderlichen Daten angeben, die Gesch\u00e4ftsbedingungen akzeptieren. Das dauert und 1 Minute und dann geht\u2019s los \u2013 Sie k\u00f6nnen jetzt City-Bikes rund um die Uhr 7 Tage die Woche mieten. Nach der Registrierung erhalten Sie eine SMS oder E-Mail mit Ihrem PIN-Code, der [&hellip;]<\/p>\n","protected":false},"author":7,"featured_media":0,"parent":0,"menu_order":0,"comment_status":"closed","ping_status":"closed","template":"how-it-works.php","meta":[],"_links":{"self":[{"href":"https:\/\/szamotuly.bike\/de\/wp-json\/wp\/v2\/pages\/9"}],"collection":[{"href":"https:\/\/szamotuly.bike\/de\/wp-json\/wp\/v2\/pages"}],"about":[{"href":"https:\/\/szamotuly.bike\/de\/wp-json\/wp\/v2\/types\/page"}],"author":[{"embeddable":true,"href":"https:\/\/szamotuly.bike\/de\/wp-json\/wp\/v2\/users\/7"}],"replies":[{"embeddable":true,"href":"https:\/\/szamotuly.bike\/de\/wp-json\/wp\/v2\/comments?post=9"}],"version-history":[{"count":41,"href":"https:\/\/szamotuly.bike\/de\/wp-json\/wp\/v2\/pages\/9\/revisions"}],"predecessor-version":[{"id":493,"href":"https:\/\/szamotuly.bike\/de\/wp-json\/wp\/v2\/pages\/9\/revisions\/493"}],"wp:attachment":[{"href":"https:\/\/szamotuly.bike\/de\/wp-json\/wp\/v2\/media?parent=9"}],"curies":[{"name":"wp","href":"https:\/\/api.w.org\/{rel}","templated":true}]}}